{"id":96,"date":"2025-11-17T04:54:33","date_gmt":"2025-11-17T04:54:33","guid":{"rendered":"https:\/\/monstermoods.org\/?page_id=96"},"modified":"2025-12-10T17:29:55","modified_gmt":"2025-12-10T17:29:55","slug":"a-propos","status":"publish","type":"page","link":"https:\/\/monstermoods.org\/en_ca\/a-propos\/","title":{"rendered":"\u00c0 propos"},"content":{"rendered":"<div data-elementor-type=\"wp-page\" data-elementor-id=\"96\" class=\"elementor elementor-96\">\n\t\t\t\t<div class=\"elementor-element elementor-element-63a794a e-con-full e-flex e-con e-parent\" data-id=\"63a794a\" data-element_type=\"container\" data-e-type=\"container\" data-settings=\"{&quot;background_background&quot;:&quot;classic&quot;}\">\n\t\t\t\t<div class=\"elementor-element elementor-element-263a539 elementor-widget__width-initial elementor-absolute elementor-widget elementor-widget-image\" data-id=\"263a539\" data-element_type=\"widget\" data-e-type=\"widget\" data-settings=\"{&quot;_position&quot;:&quot;absolute&quot;}\" data-widget_type=\"image.default\">\n\t\t\t\t\t\t\t\t\t\t\t\t\t\t\t\t<a href=\"\/en_ca\/\">\n\t\t\t\t\t\t\t<img fetchpriority=\"high\" decoding=\"async\" width=\"788\" height=\"272\" src=\"https:\/\/monstermoods.org\/wp-content\/uploads\/2025\/11\/MM_nav_logo.png\" class=\"attachment-full size-full wp-image-111\" alt=\"\" srcset=\"https:\/\/monstermoods.org\/wp-content\/uploads\/2025\/11\/MM_nav_logo.png 788w, https:\/\/monstermoods.org\/wp-content\/uploads\/2025\/11\/MM_nav_logo-300x104.png 300w, https:\/\/monstermoods.org\/wp-content\/uploads\/2025\/11\/MM_nav_logo-768x265.png 768w, https:\/\/monstermoods.org\/wp-content\/uploads\/2025\/11\/MM_nav_logo-18x6.png 18w\" sizes=\"(max-width: 788px) 100vw, 788px\" \/>\t\t\t\t\t\t\t\t<\/a>\n\t\t\t\t\t\t\t\t\t\t\t\t\t\t\t<\/div>\n\t\t\t\t<div class=\"elementor-element elementor-element-902ebc3 elementor-widget elementor-widget-heading\" data-id=\"902ebc3\" data-element_type=\"widget\" data-e-type=\"widget\" data-widget_type=\"heading.default\">\n\t\t\t\t\t<h2 class=\"elementor-heading-title elementor-size-default\"><a href=\"https:\/\/monstermoods.org\/en_ca\/a-propos\/\">About<\/a><\/h2>\t\t\t\t<\/div>\n\t\t\t\t<div class=\"elementor-element elementor-element-68680fb elementor-widget elementor-widget-heading\" data-id=\"68680fb\" data-element_type=\"widget\" data-e-type=\"widget\" data-widget_type=\"heading.default\">\n\t\t\t\t\t<h2 class=\"elementor-heading-title elementor-size-default\"><a href=\"https:\/\/monstermoods.org\/en_ca\/contribuer\/\">Donate<\/a><\/h2>\t\t\t\t<\/div>\n\t\t\t\t<div class=\"elementor-element elementor-element-a63db6b elementor-widget elementor-widget-heading\" data-id=\"a63db6b\" data-element_type=\"widget\" data-e-type=\"widget\" data-widget_type=\"heading.default\">\n\t\t\t\t\t<h2 class=\"elementor-heading-title elementor-size-default\"><a href=\"https:\/\/monstermoods.org\/en_ca\/obtenir-un-jeu\/\">Order a game<\/a><\/h2>\t\t\t\t<\/div>\n\t\t\t\t<div class=\"elementor-element elementor-element-d37c6a3 elementor-widget elementor-widget-heading\" data-id=\"d37c6a3\" data-element_type=\"widget\" data-e-type=\"widget\" data-widget_type=\"heading.default\">\n\t\t\t\t\t<h2 class=\"elementor-heading-title elementor-size-default\"><a href=\"https:\/\/monstermoods.org\/en_ca\/#contact\">Contact<\/a><\/h2>\t\t\t\t<\/div>\n\t\t\t\t<\/div>\n\t\t<div class=\"elementor-element elementor-element-b3d3788 e-con-full e-flex e-con e-parent\" data-id=\"b3d3788\" data-element_type=\"container\" data-e-type=\"container\" data-settings=\"{&quot;shape_divider_top&quot;:&quot;wave-brush&quot;}\">\n\t\t\t\t<div class=\"elementor-shape elementor-shape-top\" aria-hidden=\"true\" data-negative=\"false\">\n\t\t\t<svg xmlns=\"http:\/\/www.w3.org\/2000\/svg\" viewbox=\"0 0 283.5 27.8\" preserveaspectratio=\"none\">\n\t<path class=\"elementor-shape-fill\" d=\"M283.5,9.7c0,0-7.3,4.3-14,4.6c-6.8,0.3-12.6,0-20.9-1.5c-11.3-2-33.1-10.1-44.7-5.7\ts-12.1,4.6-18,7.4c-6.6,3.2-20,9.6-36.6,9.3C131.6,23.5,99.5,7.2,86.3,8c-1.4,0.1-6.6,0.8-10.5,2c-3.8,1.2-9.4,3.8-17,4.7\tc-3.2,0.4-8.3,1.1-14.2,0.9c-1.5-0.1-6.3-0.4-12-1.6c-5.7-1.2-11-3.1-15.8-3.7C6.5,9.2,0,10.8,0,10.8V0h283.5V9.7z M260.8,11.3\tc-0.7-1-2-0.4-4.3-0.4c-2.3,0-6.1-1.2-5.8-1.1c0.3,0.1,3.1,1.5,6,1.9C259.7,12.2,261.4,12.3,260.8,11.3z M242.4,8.6\tc0,0-2.4-0.2-5.6-0.9c-3.2-0.8-10.3-2.8-15.1-3.5c-8.2-1.1-15.8,0-15.1,0.1c0.8,0.1,9.6-0.6,17.6,1.1c3.3,0.7,9.3,2.2,12.4,2.7\tC239.9,8.7,242.4,8.6,242.4,8.6z M185.2,8.5c1.7-0.7-13.3,4.7-18.5,6.1c-2.1,0.6-6.2,1.6-10,2c-3.9,0.4-8.9,0.4-8.8,0.5\tc0,0.2,5.8,0.8,11.2,0c5.4-0.8,5.2-1.1,7.6-1.6C170.5,14.7,183.5,9.2,185.2,8.5z M199.1,6.9c0.2,0-0.8-0.4-4.8,1.1\tc-4,1.5-6.7,3.5-6.9,3.7c-0.2,0.1,3.5-1.8,6.6-3C197,7.5,199,6.9,199.1,6.9z M283,6c-0.1,0.1-1.9,1.1-4.8,2.5s-6.9,2.8-6.7,2.7\tc0.2,0,3.5-0.6,7.4-2.5C282.8,6.8,283.1,5.9,283,6z M31.3,11.6c0.1-0.2-1.9-0.2-4.5-1.2s-5.4-1.6-7.8-2C15,7.6,7.3,8.5,7.7,8.6\tC8,8.7,15.9,8.3,20.2,9.3c2.2,0.5,2.4,0.5,5.7,1.6S31.2,11.9,31.3,11.6z M73,9.2c0.4-0.1,3.5-1.6,8.4-2.6c4.9-1.1,8.9-0.5,8.9-0.8\tc0-0.3-1-0.9-6.2-0.3S72.6,9.3,73,9.2z M71.6,6.7C71.8,6.8,75,5.4,77.3,5c2.3-0.3,1.9-0.5,1.9-0.6c0-0.1-1.1-0.2-2.7,0.2\tC74.8,5.1,71.4,6.6,71.6,6.7z M93.6,4.4c0.1,0.2,3.5,0.8,5.6,1.8c2.1,1,1.8,0.6,1.9,0.5c0.1-0.1-0.8-0.8-2.4-1.3\tC97.1,4.8,93.5,4.2,93.6,4.4z M65.4,11.1c-0.1,0.3,0.3,0.5,1.9-0.2s2.6-1.3,2.2-1.2s-0.9,0.4-2.5,0.8C65.3,10.9,65.5,10.8,65.4,11.1\tz M34.5,12.4c-0.2,0,2.1,0.8,3.3,0.9c1.2,0.1,2,0.1,2-0.2c0-0.3-0.1-0.5-1.6-0.4C36.6,12.8,34.7,12.4,34.5,12.4z M152.2,21.1\tc-0.1,0.1-2.4-0.3-7.5-0.3c-5,0-13.6-2.4-17.2-3.5c-3.6-1.1,10,3.9,16.5,4.1C150.5,21.6,152.3,21,152.2,21.1z\"\/>\n\t<path class=\"elementor-shape-fill\" d=\"M269.6,18c-0.1-0.1-4.6,0.3-7.2,0c-7.3-0.7-17-3.2-16.6-2.9c0.4,0.3,13.7,3.1,17,3.3\tC267.7,18.8,269.7,18,269.6,18z\"\/>\n\t<path class=\"elementor-shape-fill\" d=\"M227.4,9.8c-0.2-0.1-4.5-1-9.5-1.2c-5-0.2-12.7,0.6-12.3,0.5c0.3-0.1,5.9-1.8,13.3-1.2\tS227.6,9.9,227.4,9.8z\"\/>\n\t<path class=\"elementor-shape-fill\" d=\"M204.5,13.4c-0.1-0.1,2-1,3.2-1.1c1.2-0.1,2,0,2,0.3c0,0.3-0.1,0.5-1.6,0.4\tC206.4,12.9,204.6,13.5,204.5,13.4z\"\/>\n\t<path class=\"elementor-shape-fill\" d=\"M201,10.6c0-0.1-4.4,1.2-6.3,2.2c-1.9,0.9-6.2,3.1-6.1,3.1c0.1,0.1,4.2-1.6,6.3-2.6\tS201,10.7,201,10.6z\"\/>\n\t<path class=\"elementor-shape-fill\" d=\"M154.5,26.7c-0.1-0.1-4.6,0.3-7.2,0c-7.3-0.7-17-3.2-16.6-2.9c0.4,0.3,13.7,3.1,17,3.3\tC152.6,27.5,154.6,26.8,154.5,26.7z\"\/>\n\t<path class=\"elementor-shape-fill\" d=\"M41.9,19.3c0,0,1.2-0.3,2.9-0.1c1.7,0.2,5.8,0.9,8.2,0.7c4.2-0.4,7.4-2.7,7-2.6\tc-0.4,0-4.3,2.2-8.6,1.9c-1.8-0.1-5.1-0.5-6.7-0.4S41.9,19.3,41.9,19.3z\"\/>\n\t<path class=\"elementor-shape-fill\" d=\"M75.5,12.6c0.2,0.1,2-0.8,4.3-1.1c2.3-0.2,2.1-0.3,2.1-0.5c0-0.1-1.8-0.4-3.4,0\tC76.9,11.5,75.3,12.5,75.5,12.6z\"\/>\n\t<path class=\"elementor-shape-fill\" d=\"M15.6,13.2c0-0.1,4.3,0,6.7,0.5c2.4,0.5,5,1.9,5,2c0,0.1-2.7-0.8-5.1-1.4\tC19.9,13.7,15.7,13.3,15.6,13.2z\"\/>\n<\/svg>\t\t<\/div>\n\t\t<div class=\"elementor-element elementor-element-c9c800c e-con-full e-flex e-con e-child\" data-id=\"c9c800c\" data-element_type=\"container\" data-e-type=\"container\">\n\t\t<div class=\"elementor-element elementor-element-ff1add0 e-con-full e-flex e-con e-child\" data-id=\"ff1add0\" data-element_type=\"container\" data-e-type=\"container\">\n\t\t\t\t<div class=\"elementor-element elementor-element-c0aefd6 elementor-widget elementor-widget-image\" data-id=\"c0aefd6\" data-element_type=\"widget\" data-e-type=\"widget\" data-widget_type=\"image.default\">\n\t\t\t\t\t\t\t\t\t\t\t\t\t\t\t<img decoding=\"async\" width=\"1440\" height=\"1456\" src=\"https:\/\/monstermoods.org\/wp-content\/uploads\/2025\/11\/mm_monsters.png\" class=\"attachment-full size-full wp-image-98\" alt=\"\" srcset=\"https:\/\/monstermoods.org\/wp-content\/uploads\/2025\/11\/mm_monsters.png 1440w, https:\/\/monstermoods.org\/wp-content\/uploads\/2025\/11\/mm_monsters-297x300.png 297w, https:\/\/monstermoods.org\/wp-content\/uploads\/2025\/11\/mm_monsters-1013x1024.png 1013w, https:\/\/monstermoods.org\/wp-content\/uploads\/2025\/11\/mm_monsters-768x777.png 768w, https:\/\/monstermoods.org\/wp-content\/uploads\/2025\/11\/mm_monsters-12x12.png 12w\" sizes=\"(max-width: 1440px) 100vw, 1440px\" \/>\t\t\t\t\t\t\t\t\t\t\t\t\t\t\t<\/div>\n\t\t\t\t<\/div>\n\t\t<div class=\"elementor-element elementor-element-f14c351 e-con-full e-flex e-con e-child\" data-id=\"f14c351\" data-element_type=\"container\" data-e-type=\"container\">\n\t\t\t\t<div class=\"elementor-element elementor-element-47f7c5e elementor-widget elementor-widget-heading\" data-id=\"47f7c5e\" data-element_type=\"widget\" data-e-type=\"widget\" data-widget_type=\"heading.default\">\n\t\t\t\t\t<h1 class=\"elementor-heading-title elementor-size-default\">Emotions are not monstrous<\/h1>\t\t\t\t<\/div>\n\t\t\t\t<div class=\"elementor-element elementor-element-a91921b elementor-widget elementor-widget-text-editor\" data-id=\"a91921b\" data-element_type=\"widget\" data-e-type=\"widget\" data-widget_type=\"text-editor.default\">\n\t\t\t\t\t\t\t\t\t<p class=\"translation-block\">Because <span style=\"font-weight: bold\">an unresolved situation in early childhood can have lifelong consequences<\/span>, we wish to offer this game to preschools and primary schools<\/p><p class=\"translation-block\">This game was developed with the <span style=\"font-weight: bold\">expertise of psychologists<\/span> from the Centres Relier association, which specializes in supporting <span style=\"font-weight: bold\">youth targeted by bullying.<\/span><\/p><p class=\"translation-block\"><span>The <span style=\"font-weight: bold\">illustrated locations<\/span> are those that researchers have identified as most prone to <span style=\"font-weight: bold\">conflict<\/span>. The game was <span style=\"font-weight: bold\">tested and co-created by parents and teachers<\/span> of preschool and primary school students.<\/span><\/p>\t\t\t\t\t\t\t\t<\/div>\n\t\t\t\t<\/div>\n\t\t\t\t<\/div>\n\t\t\t\t<\/div>\n\t\t<div class=\"elementor-element elementor-element-b82e7fd e-con-full e-flex e-con e-parent\" data-id=\"b82e7fd\" data-element_type=\"container\" data-e-type=\"container\">\n\t\t\t\t<div class=\"elementor-element elementor-element-e054379 elementor-widget__width-initial elementor-widget elementor-widget-image\" data-id=\"e054379\" data-element_type=\"widget\" data-e-type=\"widget\" data-widget_type=\"image.default\">\n\t\t\t\t\t\t\t\t\t\t\t\t\t\t\t<img decoding=\"async\" width=\"540\" height=\"166\" src=\"https:\/\/monstermoods.org\/wp-content\/uploads\/2025\/11\/Tape-Image.png\" class=\"attachment-large size-large wp-image-369\" alt=\"\" srcset=\"https:\/\/monstermoods.org\/wp-content\/uploads\/2025\/11\/Tape-Image.png 540w, https:\/\/monstermoods.org\/wp-content\/uploads\/2025\/11\/Tape-Image-300x92.png 300w, https:\/\/monstermoods.org\/wp-content\/uploads\/2025\/11\/Tape-Image-18x6.png 18w\" sizes=\"(max-width: 540px) 100vw, 540px\" \/>\t\t\t\t\t\t\t\t\t\t\t\t\t\t\t<\/div>\n\t\t<div class=\"elementor-element elementor-element-82b3232 e-con-full e-flex e-con e-child\" data-id=\"82b3232\" data-element_type=\"container\" data-e-type=\"container\">\n\t\t<div class=\"elementor-element elementor-element-db7fc9e e-con-full e-flex e-con e-child\" data-id=\"db7fc9e\" data-element_type=\"container\" data-e-type=\"container\" data-settings=\"{&quot;background_background&quot;:&quot;classic&quot;}\">\n\t\t\t\t<div class=\"elementor-element elementor-element-b74091d elementor-widget elementor-widget-heading\" data-id=\"b74091d\" data-element_type=\"widget\" data-e-type=\"widget\" data-widget_type=\"heading.default\">\n\t\t\t\t\t<h1 class=\"elementor-heading-title elementor-size-default\">A game to talk about troubles<\/h1>\t\t\t\t<\/div>\n\t\t\t\t<div class=\"elementor-element elementor-element-1f6122e elementor-widget elementor-widget-text-editor\" data-id=\"1f6122e\" data-element_type=\"widget\" data-e-type=\"widget\" data-widget_type=\"text-editor.default\">\n\t\t\t\t\t\t\t\t\t<p class=\"translation-block\">Monster Moods allows every <strong>preschool and elementary student<\/strong> to express <strong>a situation that causes them distress<\/strong> so that it can be <strong>addressed<\/strong>.<\/p><p class=\"translation-block\">When these children are <strong>confronted<\/strong> with situations that cause them distress, <strong>they are not always able to put them into words<\/strong>.<\/p><p class=\"translation-block\">We created the game Monster Moods so that <strong>in class or at home<\/strong>, they can <strong>share<\/strong> situations that upset them during their day, using <strong>settings from their daily lives<\/strong> (school, home, the park, and the digital world).<\/p>\t\t\t\t\t\t\t\t<\/div>\n\t\t\t\t<\/div>\n\t\t<div class=\"elementor-element elementor-element-1703137 e-con-full e-flex elementor-invisible e-con e-child\" data-id=\"1703137\" data-element_type=\"container\" data-e-type=\"container\" data-settings=\"{&quot;animation&quot;:&quot;bounce&quot;}\">\n\t\t\t\t<div class=\"elementor-element elementor-element-37eec47 elementor-widget elementor-widget-image\" data-id=\"37eec47\" data-element_type=\"widget\" data-e-type=\"widget\" data-widget_type=\"image.default\">\n\t\t\t\t\t\t\t\t\t\t\t\t\t\t\t<img loading=\"lazy\" decoding=\"async\" width=\"412\" height=\"319\" src=\"https:\/\/monstermoods.org\/wp-content\/uploads\/2025\/11\/image-19.png\" class=\"attachment-large size-large wp-image-345\" alt=\"\" srcset=\"https:\/\/monstermoods.org\/wp-content\/uploads\/2025\/11\/image-19.png 412w, https:\/\/monstermoods.org\/wp-content\/uploads\/2025\/11\/image-19-300x232.png 300w, https:\/\/monstermoods.org\/wp-content\/uploads\/2025\/11\/image-19-15x12.png 15w\" sizes=\"(max-width: 412px) 100vw, 412px\" \/>\t\t\t\t\t\t\t\t\t\t\t\t\t\t\t<\/div>\n\t\t\t\t<\/div>\n\t\t\t\t<\/div>\n\t\t\t\t<\/div>\n\t\t<div class=\"elementor-element elementor-element-d1c5b61 e-con-full e-flex e-con e-parent\" data-id=\"d1c5b61\" data-element_type=\"container\" data-e-type=\"container\">\n\t\t<div class=\"elementor-element elementor-element-2f932c8 e-con-full e-flex e-con e-child\" data-id=\"2f932c8\" data-element_type=\"container\" data-e-type=\"container\">\n\t\t<div class=\"elementor-element elementor-element-097282a e-con-full e-flex elementor-invisible e-con e-child\" data-id=\"097282a\" data-element_type=\"container\" data-e-type=\"container\" data-settings=\"{&quot;animation&quot;:&quot;bounce&quot;}\">\n\t\t\t\t<div class=\"elementor-element elementor-element-cb3a948 elementor-widget elementor-widget-image\" data-id=\"cb3a948\" data-element_type=\"widget\" data-e-type=\"widget\" data-widget_type=\"image.default\">\n\t\t\t\t\t\t\t\t\t\t\t\t\t\t\t<img loading=\"lazy\" decoding=\"async\" width=\"188\" height=\"244\" src=\"https:\/\/monstermoods.org\/wp-content\/uploads\/2025\/11\/image-25.png\" class=\"attachment-large size-large wp-image-347\" alt=\"\" srcset=\"https:\/\/monstermoods.org\/wp-content\/uploads\/2025\/11\/image-25.png 188w, https:\/\/monstermoods.org\/wp-content\/uploads\/2025\/11\/image-25-9x12.png 9w\" sizes=\"(max-width: 188px) 100vw, 188px\" \/>\t\t\t\t\t\t\t\t\t\t\t\t\t\t\t<\/div>\n\t\t\t\t<\/div>\n\t\t<div class=\"elementor-element elementor-element-797bdf0 e-con-full e-flex e-con e-child\" data-id=\"797bdf0\" data-element_type=\"container\" data-e-type=\"container\" data-settings=\"{&quot;background_background&quot;:&quot;classic&quot;}\">\n\t\t\t\t<div class=\"elementor-element elementor-element-dea6591 elementor-widget elementor-widget-heading\" data-id=\"dea6591\" data-element_type=\"widget\" data-e-type=\"widget\" data-widget_type=\"heading.default\">\n\t\t\t\t\t<h1 class=\"elementor-heading-title elementor-size-default\">Monsters to help identify emotions<\/h1>\t\t\t\t<\/div>\n\t\t\t\t<div class=\"elementor-element elementor-element-830a544 elementor-widget elementor-widget-text-editor\" data-id=\"830a544\" data-element_type=\"widget\" data-e-type=\"widget\" data-widget_type=\"text-editor.default\">\n\t\t\t\t\t\t\t\t\t<p class=\"translation-block\"><strong>fun<\/strong> monsters to talk about their day. Each monster represents <strong>different emotions<\/strong> and helps young children <strong>put their pain into words<\/strong> and better understand their relationships with others. <br><br>These games are <strong>a valuable tool<\/strong> for teachers and parents to <strong>detect potential conflict, bullying situations,<\/strong> or <strong>traumatic experiences<\/strong>.<\/p>\t\t\t\t\t\t\t\t<\/div>\n\t\t\t\t<\/div>\n\t\t\t\t<\/div>\n\t\t\t\t<\/div>\n\t\t<div class=\"elementor-element elementor-element-c335e78 e-con-full e-flex e-con e-parent\" data-id=\"c335e78\" data-element_type=\"container\" data-e-type=\"container\" data-settings=\"{&quot;background_background&quot;:&quot;classic&quot;}\">\n\t\t\t\t<div class=\"elementor-element elementor-element-75b924b elementor-widget__width-initial elementor-widget elementor-widget-image\" data-id=\"75b924b\" data-element_type=\"widget\" data-e-type=\"widget\" data-widget_type=\"image.default\">\n\t\t\t\t\t\t\t\t\t\t\t\t\t\t\t<img loading=\"lazy\" decoding=\"async\" width=\"762\" height=\"292\" src=\"https:\/\/monstermoods.org\/wp-content\/uploads\/2025\/11\/b3a7683190584ce0b57a04373637240a.png\" class=\"attachment-full size-full wp-image-11\" alt=\"\" srcset=\"https:\/\/monstermoods.org\/wp-content\/uploads\/2025\/11\/b3a7683190584ce0b57a04373637240a.png 762w, https:\/\/monstermoods.org\/wp-content\/uploads\/2025\/11\/b3a7683190584ce0b57a04373637240a-300x115.png 300w, https:\/\/monstermoods.org\/wp-content\/uploads\/2025\/11\/b3a7683190584ce0b57a04373637240a-18x7.png 18w\" sizes=\"(max-width: 762px) 100vw, 762px\" \/>\t\t\t\t\t\t\t\t\t\t\t\t\t\t\t<\/div>\n\t\t\t\t<div class=\"elementor-element elementor-element-fbe432b elementor-widget elementor-widget-heading\" data-id=\"fbe432b\" data-element_type=\"widget\" data-e-type=\"widget\" data-widget_type=\"heading.default\">\n\t\t\t\t\t<h2 class=\"elementor-heading-title elementor-size-default\"><a href=\"https:\/\/monstermoods.org\/en_ca\/presse\/\">Press<\/a><\/h2>\t\t\t\t<\/div>\n\t\t\t\t<div class=\"elementor-element elementor-element-592a5ba elementor-widget elementor-widget-heading\" data-id=\"592a5ba\" data-element_type=\"widget\" data-e-type=\"widget\" data-widget_type=\"heading.default\">\n\t\t\t\t\t<h2 class=\"elementor-heading-title elementor-size-default\"><a href=\"https:\/\/monstermoods.org\/en_ca\/vie-privee\/\">Privacy<\/a><\/h2>\t\t\t\t<\/div>\n\t\t\t\t<div class=\"elementor-element elementor-element-f28f42a elementor-widget elementor-widget-heading\" data-id=\"f28f42a\" data-element_type=\"widget\" data-e-type=\"widget\" data-widget_type=\"heading.default\">\n\t\t\t\t\t<h2 class=\"elementor-heading-title elementor-size-default\"><a href=\"https:\/\/monstermoods.org\/en_ca\/mentions-legales\/\">Terms of Use<\/a><\/h2>\t\t\t\t<\/div>\n\t\t\t\t<div class=\"elementor-element elementor-element-c208ecd elementor-widget elementor-widget-heading\" data-id=\"c208ecd\" data-element_type=\"widget\" data-e-type=\"widget\" data-widget_type=\"heading.default\">\n\t\t\t\t\t<h2 class=\"elementor-heading-title elementor-size-default\"><a href=\"https:\/\/monstermoods.org\/en_ca\/#contact\">Contact<\/a><\/h2>\t\t\t\t<\/div>\n\t\t\t\t<\/div>\n\t\t\t\t<\/div>","protected":false},"excerpt":{"rendered":"<p>A propos Contribuer Obtenir un jeu Contact Les \u00e9motions n\u2019ont rien de monstrueux Parce qu\u2019une situation non r\u00e9solue dans la petite enfance peut avoir des cons\u00e9quences durant toute sa vie, nous souhaitons offrir ce jeu aux \u00e9coles maternelles et primaire. Ce jeu a \u00e9t\u00e9 construit avec l\u2019expertise des psychologues de l\u2019association Centres Relier, sp\u00e9cialis\u00e9e dans [&hellip;]<\/p>\n","protected":false},"author":2,"featured_media":0,"parent":0,"menu_order":0,"comment_status":"closed","ping_status":"closed","template":"","meta":{"footnotes":""},"class_list":["post-96","page","type-page","status-publish","hentry"],"_links":{"self":[{"href":"https:\/\/monstermoods.org\/en_ca\/wp-json\/wp\/v2\/pages\/96","targetHints":{"allow":["GET"]}}],"collection":[{"href":"https:\/\/monstermoods.org\/en_ca\/wp-json\/wp\/v2\/pages"}],"about":[{"href":"https:\/\/monstermoods.org\/en_ca\/wp-json\/wp\/v2\/types\/page"}],"author":[{"embeddable":true,"href":"https:\/\/monstermoods.org\/en_ca\/wp-json\/wp\/v2\/users\/2"}],"replies":[{"embeddable":true,"href":"https:\/\/monstermoods.org\/en_ca\/wp-json\/wp\/v2\/comments?post=96"}],"version-history":[{"count":109,"href":"https:\/\/monstermoods.org\/en_ca\/wp-json\/wp\/v2\/pages\/96\/revisions"}],"predecessor-version":[{"id":705,"href":"https:\/\/monstermoods.org\/en_ca\/wp-json\/wp\/v2\/pages\/96\/revisions\/705"}],"wp:attachment":[{"href":"https:\/\/monstermoods.org\/en_ca\/wp-json\/wp\/v2\/media?parent=96"}],"curies":[{"name":"wp","href":"https:\/\/api.w.org\/{rel}","templated":true}]}}