{"id":67,"date":"2025-11-17T03:57:10","date_gmt":"2025-11-17T03:57:10","guid":{"rendered":"https:\/\/monstermoods.org\/?page_id=67"},"modified":"2026-04-22T13:54:31","modified_gmt":"2026-04-22T13:54:31","slug":"contribuer","status":"publish","type":"page","link":"https:\/\/monstermoods.org\/en_ca\/contribuer\/","title":{"rendered":"Donate"},"content":{"rendered":"<div data-elementor-type=\"wp-page\" data-elementor-id=\"67\" class=\"elementor elementor-67\">\n\t\t\t\t<div class=\"elementor-element elementor-element-12c40de e-con-full e-flex e-con e-parent\" data-id=\"12c40de\" data-element_type=\"container\" data-e-type=\"container\" data-settings=\"{&quot;background_background&quot;:&quot;classic&quot;}\">\n\t\t<div class=\"elementor-element elementor-element-7d4feff e-con-full e-flex e-con e-child\" data-id=\"7d4feff\" data-element_type=\"container\" data-e-type=\"container\" data-settings=\"{&quot;background_background&quot;:&quot;classic&quot;}\">\n\t\t\t\t<div class=\"elementor-element elementor-element-a8f946a elementor-widget__width-initial elementor-absolute elementor-widget elementor-widget-image\" data-id=\"a8f946a\" data-element_type=\"widget\" data-e-type=\"widget\" data-settings=\"{&quot;_position&quot;:&quot;absolute&quot;}\" data-widget_type=\"image.default\">\n\t\t\t\t\t\t\t\t\t\t\t\t\t\t\t\t<a href=\"\/en_ca\/\">\n\t\t\t\t\t\t\t<img fetchpriority=\"high\" decoding=\"async\" width=\"788\" height=\"272\" src=\"https:\/\/monstermoods.org\/wp-content\/uploads\/2025\/11\/MM_nav_logo.png\" class=\"attachment-full size-full wp-image-111\" alt=\"\" srcset=\"https:\/\/monstermoods.org\/wp-content\/uploads\/2025\/11\/MM_nav_logo.png 788w, https:\/\/monstermoods.org\/wp-content\/uploads\/2025\/11\/MM_nav_logo-300x104.png 300w, https:\/\/monstermoods.org\/wp-content\/uploads\/2025\/11\/MM_nav_logo-768x265.png 768w, https:\/\/monstermoods.org\/wp-content\/uploads\/2025\/11\/MM_nav_logo-18x6.png 18w\" sizes=\"(max-width: 788px) 100vw, 788px\" \/>\t\t\t\t\t\t\t\t<\/a>\n\t\t\t\t\t\t\t\t\t\t\t\t\t\t\t<\/div>\n\t\t\t\t<div class=\"elementor-element elementor-element-857a3ca elementor-widget elementor-widget-heading\" data-id=\"857a3ca\" data-element_type=\"widget\" data-e-type=\"widget\" data-widget_type=\"heading.default\">\n\t\t\t\t\t<h2 class=\"elementor-heading-title elementor-size-default\"><a href=\"https:\/\/monstermoods.org\/en_ca\/a-propos\/\">About<\/a><\/h2>\t\t\t\t<\/div>\n\t\t\t\t<div class=\"elementor-element elementor-element-c75f49d elementor-widget elementor-widget-heading\" data-id=\"c75f49d\" data-element_type=\"widget\" data-e-type=\"widget\" data-widget_type=\"heading.default\">\n\t\t\t\t\t<h2 class=\"elementor-heading-title elementor-size-default\"><a href=\"https:\/\/monstermoods.org\/en_ca\/contribuer\/\">Donate<\/a><\/h2>\t\t\t\t<\/div>\n\t\t\t\t<div class=\"elementor-element elementor-element-038b728 elementor-widget elementor-widget-heading\" data-id=\"038b728\" data-element_type=\"widget\" data-e-type=\"widget\" data-widget_type=\"heading.default\">\n\t\t\t\t\t<h2 class=\"elementor-heading-title elementor-size-default\"><a href=\"https:\/\/monstermoods.org\/en_ca\/obtenir-un-jeu\/\">Order a game<\/a><\/h2>\t\t\t\t<\/div>\n\t\t\t\t<div class=\"elementor-element elementor-element-02e8fb8 elementor-widget elementor-widget-heading\" data-id=\"02e8fb8\" data-element_type=\"widget\" data-e-type=\"widget\" data-widget_type=\"heading.default\">\n\t\t\t\t\t<h2 class=\"elementor-heading-title elementor-size-default\"><a href=\"https:\/\/monstermoods.org\/en_ca\/#contact\">Contact<\/a><\/h2>\t\t\t\t<\/div>\n\t\t\t\t<\/div>\n\t\t\t\t<\/div>\n\t\t<div class=\"elementor-element elementor-element-bc2eabd e-con-full e-flex e-con e-parent\" data-id=\"bc2eabd\" data-element_type=\"container\" data-e-type=\"container\" data-settings=\"{&quot;shape_divider_top&quot;:&quot;wave-brush&quot;}\">\n\t\t\t\t<div class=\"elementor-shape elementor-shape-top\" aria-hidden=\"true\" data-negative=\"false\">\n\t\t\t<svg xmlns=\"http:\/\/www.w3.org\/2000\/svg\" viewbox=\"0 0 283.5 27.8\" preserveaspectratio=\"none\">\n\t<path class=\"elementor-shape-fill\" d=\"M283.5,9.7c0,0-7.3,4.3-14,4.6c-6.8,0.3-12.6,0-20.9-1.5c-11.3-2-33.1-10.1-44.7-5.7\ts-12.1,4.6-18,7.4c-6.6,3.2-20,9.6-36.6,9.3C131.6,23.5,99.5,7.2,86.3,8c-1.4,0.1-6.6,0.8-10.5,2c-3.8,1.2-9.4,3.8-17,4.7\tc-3.2,0.4-8.3,1.1-14.2,0.9c-1.5-0.1-6.3-0.4-12-1.6c-5.7-1.2-11-3.1-15.8-3.7C6.5,9.2,0,10.8,0,10.8V0h283.5V9.7z M260.8,11.3\tc-0.7-1-2-0.4-4.3-0.4c-2.3,0-6.1-1.2-5.8-1.1c0.3,0.1,3.1,1.5,6,1.9C259.7,12.2,261.4,12.3,260.8,11.3z M242.4,8.6\tc0,0-2.4-0.2-5.6-0.9c-3.2-0.8-10.3-2.8-15.1-3.5c-8.2-1.1-15.8,0-15.1,0.1c0.8,0.1,9.6-0.6,17.6,1.1c3.3,0.7,9.3,2.2,12.4,2.7\tC239.9,8.7,242.4,8.6,242.4,8.6z M185.2,8.5c1.7-0.7-13.3,4.7-18.5,6.1c-2.1,0.6-6.2,1.6-10,2c-3.9,0.4-8.9,0.4-8.8,0.5\tc0,0.2,5.8,0.8,11.2,0c5.4-0.8,5.2-1.1,7.6-1.6C170.5,14.7,183.5,9.2,185.2,8.5z M199.1,6.9c0.2,0-0.8-0.4-4.8,1.1\tc-4,1.5-6.7,3.5-6.9,3.7c-0.2,0.1,3.5-1.8,6.6-3C197,7.5,199,6.9,199.1,6.9z M283,6c-0.1,0.1-1.9,1.1-4.8,2.5s-6.9,2.8-6.7,2.7\tc0.2,0,3.5-0.6,7.4-2.5C282.8,6.8,283.1,5.9,283,6z M31.3,11.6c0.1-0.2-1.9-0.2-4.5-1.2s-5.4-1.6-7.8-2C15,7.6,7.3,8.5,7.7,8.6\tC8,8.7,15.9,8.3,20.2,9.3c2.2,0.5,2.4,0.5,5.7,1.6S31.2,11.9,31.3,11.6z M73,9.2c0.4-0.1,3.5-1.6,8.4-2.6c4.9-1.1,8.9-0.5,8.9-0.8\tc0-0.3-1-0.9-6.2-0.3S72.6,9.3,73,9.2z M71.6,6.7C71.8,6.8,75,5.4,77.3,5c2.3-0.3,1.9-0.5,1.9-0.6c0-0.1-1.1-0.2-2.7,0.2\tC74.8,5.1,71.4,6.6,71.6,6.7z M93.6,4.4c0.1,0.2,3.5,0.8,5.6,1.8c2.1,1,1.8,0.6,1.9,0.5c0.1-0.1-0.8-0.8-2.4-1.3\tC97.1,4.8,93.5,4.2,93.6,4.4z M65.4,11.1c-0.1,0.3,0.3,0.5,1.9-0.2s2.6-1.3,2.2-1.2s-0.9,0.4-2.5,0.8C65.3,10.9,65.5,10.8,65.4,11.1\tz M34.5,12.4c-0.2,0,2.1,0.8,3.3,0.9c1.2,0.1,2,0.1,2-0.2c0-0.3-0.1-0.5-1.6-0.4C36.6,12.8,34.7,12.4,34.5,12.4z M152.2,21.1\tc-0.1,0.1-2.4-0.3-7.5-0.3c-5,0-13.6-2.4-17.2-3.5c-3.6-1.1,10,3.9,16.5,4.1C150.5,21.6,152.3,21,152.2,21.1z\"\/>\n\t<path class=\"elementor-shape-fill\" d=\"M269.6,18c-0.1-0.1-4.6,0.3-7.2,0c-7.3-0.7-17-3.2-16.6-2.9c0.4,0.3,13.7,3.1,17,3.3\tC267.7,18.8,269.7,18,269.6,18z\"\/>\n\t<path class=\"elementor-shape-fill\" d=\"M227.4,9.8c-0.2-0.1-4.5-1-9.5-1.2c-5-0.2-12.7,0.6-12.3,0.5c0.3-0.1,5.9-1.8,13.3-1.2\tS227.6,9.9,227.4,9.8z\"\/>\n\t<path class=\"elementor-shape-fill\" d=\"M204.5,13.4c-0.1-0.1,2-1,3.2-1.1c1.2-0.1,2,0,2,0.3c0,0.3-0.1,0.5-1.6,0.4\tC206.4,12.9,204.6,13.5,204.5,13.4z\"\/>\n\t<path class=\"elementor-shape-fill\" d=\"M201,10.6c0-0.1-4.4,1.2-6.3,2.2c-1.9,0.9-6.2,3.1-6.1,3.1c0.1,0.1,4.2-1.6,6.3-2.6\tS201,10.7,201,10.6z\"\/>\n\t<path class=\"elementor-shape-fill\" d=\"M154.5,26.7c-0.1-0.1-4.6,0.3-7.2,0c-7.3-0.7-17-3.2-16.6-2.9c0.4,0.3,13.7,3.1,17,3.3\tC152.6,27.5,154.6,26.8,154.5,26.7z\"\/>\n\t<path class=\"elementor-shape-fill\" d=\"M41.9,19.3c0,0,1.2-0.3,2.9-0.1c1.7,0.2,5.8,0.9,8.2,0.7c4.2-0.4,7.4-2.7,7-2.6\tc-0.4,0-4.3,2.2-8.6,1.9c-1.8-0.1-5.1-0.5-6.7-0.4S41.9,19.3,41.9,19.3z\"\/>\n\t<path class=\"elementor-shape-fill\" d=\"M75.5,12.6c0.2,0.1,2-0.8,4.3-1.1c2.3-0.2,2.1-0.3,2.1-0.5c0-0.1-1.8-0.4-3.4,0\tC76.9,11.5,75.3,12.5,75.5,12.6z\"\/>\n\t<path class=\"elementor-shape-fill\" d=\"M15.6,13.2c0-0.1,4.3,0,6.7,0.5c2.4,0.5,5,1.9,5,2c0,0.1-2.7-0.8-5.1-1.4\tC19.9,13.7,15.7,13.3,15.6,13.2z\"\/>\n<\/svg>\t\t<\/div>\n\t\t\t\t<div class=\"elementor-element elementor-element-abfefbf elementor-widget elementor-widget-spacer\" data-id=\"abfefbf\" data-element_type=\"widget\" data-e-type=\"widget\" data-widget_type=\"spacer.default\">\n\t\t\t\t\t\t\t<div class=\"elementor-spacer\">\n\t\t\t<div class=\"elementor-spacer-inner\"><\/div>\n\t\t<\/div>\n\t\t\t\t\t\t<\/div>\n\t\t\t\t<div class=\"elementor-element elementor-element-ed4c1ef elementor-widget elementor-widget-text-editor\" data-id=\"ed4c1ef\" data-element_type=\"widget\" data-e-type=\"widget\" data-widget_type=\"text-editor.default\">\n\t\t\t\t\t\t\t\t\t<p>Contribuez d\u00e8s maintenant au Fonds \"STOP Cyberviolences\" \u00e9tabli chez Myriad Canada. En tant qu'organisme de bienfaisance enregistr\u00e9 au Canada, Myriad Canada fournit des re\u00e7us officiels pour les dons, ce qui permet aux donateurs de r\u00e9clamer l\u2019avantage fiscal auquel ils ont droit en vertu de la loi canadienne.\n\nContribute now to the \"STOP Cyberviolence\" Fund established at Myriad Canada. As a registered charity in Canada, Myriad Canada provides official receipts for donations, allowing donors to claim the income tax benefit to which they are entitled under Canadian law.<\/p>\t\t\t\t\t\t\t\t<\/div>\n\t\t\t\t<div class=\"elementor-element elementor-element-7b1444c elementor-widget__width-inherit elementor-widget elementor-widget-shortcode\" data-id=\"7b1444c\" data-element_type=\"widget\" data-e-type=\"widget\" data-widget_type=\"shortcode.default\">\n\t\t\t\t\t\t\t<div class=\"elementor-shortcode\">\n\n<div style=\"max-width: 640px; margin: 0 auto; padding: 2rem 1.5rem; font-family: sans-serif;\">\n  <div style=\"background: #ffffff; border: 1px solid #e5e7eb; border-radius: 12px; padding: 2rem; text-align: center;\">\n\n    <div style=\"display: inline-flex; align-items: center; justify-content: center; width: 48px; height: 48px; background: #F0ECF9; border-radius: 50%; margin-bottom: 1.25rem;\">\n      <svg width=\"22\" height=\"22\" viewbox=\"0 0 24 24\" fill=\"none\" xmlns=\"http:\/\/www.w3.org\/2000\/svg\">\n        <path d=\"M12 21.35l-1.45-1.32C5.4 15.36 2 12.28 2 8.5 2 5.42 4.42 3 7.5 3c1.74 0 3.41.81 4.5 2.09C13.09 3.81 14.76 3 16.5 3 19.58 3 22 5.42 22 8.5c0 3.78-3.4 6.86-8.55 11.54L12 21.35z\" fill=\"#7C3AED\"\/>\n      <\/svg>\n    <\/div>\n\n    <p style=\"font-size: 11px; font-weight: 600; letter-spacing: 0.08em; color: #7C3AED; text-transform: uppercase; margin: 0 0 0.6rem;\">STOP Cyberviolence Fund<\/p>\n\n    <h2 style=\"font-size: 20px; font-weight: 600; color: #111827; margin: 0 0 1rem; line-height: 1.4;\">\n      Contribute now to the<br>\n      <span style=\"color: #7C3AED;\">STOP Cyberviolence Fund<\/span>\n    <\/h2>\n\n    <p style=\"font-size: 14px; color: #6b7280; line-height: 1.7; margin: 0 0 1.5rem; max-width: 480px; margin-left: auto; margin-right: auto;\">\n      Established at <strong style=\"color: #111827;\">Myriad Canada<\/strong>, a registered Canadian charity, your donation entitles you to an <strong style=\"color: #111827;\">official tax receipt<\/strong> as provided under Canadian law.\n    <\/p>\n\n    <a href=\"https:\/\/www.myriadcanada.org\/fr\/projet\/fonds-stop-cyberviolences\/\"\n       target=\"_blank\"\n       rel=\"noopener noreferrer\"\n       style=\"display: inline-block; background: #7C3AED; color: #ffffff; font-size: 15px; font-weight: 600; padding: 14px 36px; border-radius: 8px; text-decoration: none;\">\n      Donate now\n    <\/a>\n\n    <p style=\"font-size: 12px; color: #9ca3af; margin: 1.25rem 0 0;\">\n      Tax receipt issued by Myriad Canada \u00b7 Canadian registration number\n    <\/p>\n\n  <\/div>\n<\/div>\n\n <\/div>\n\t\t\t\t\t\t<\/div>\n\t\t\t\t<div class=\"elementor-element elementor-element-bf4d87a elementor-widget elementor-widget-text-editor\" data-id=\"bf4d87a\" data-element_type=\"widget\" data-e-type=\"widget\" data-widget_type=\"text-editor.default\">\n\t\t\t\t\t\t\t\t\t<p>Pour soutenir notre d\u00e9ploiement au Canada et b\u00e9n\u00e9ficier d&rsquo;une r\u00e9duction fiscale locale, merci d&rsquo;effectuer votre don directement sur <b data-path-to-node=\"2,0\" data-index-in-node=\"165\"><a class=\"ng-star-inserted\" href=\"https:\/\/monstermoods.org\/en_ca\/contribuer\/\" target=\"_blank\" rel=\"noopener\">notre page d\u00e9di\u00e9e au Canada ici<\/a><\/b><\/p>\t\t\t\t\t\t\t\t<\/div>\n\t\t\t\t<\/div>\n\t\t<div class=\"elementor-element elementor-element-c13bd13 e-con-full e-flex e-con e-parent\" data-id=\"c13bd13\" data-element_type=\"container\" data-e-type=\"container\" data-settings=\"{&quot;background_background&quot;:&quot;classic&quot;}\">\n\t\t\t\t<div class=\"elementor-element elementor-element-aaf3569 elementor-widget__width-initial elementor-widget elementor-widget-image\" data-id=\"aaf3569\" data-element_type=\"widget\" data-e-type=\"widget\" data-widget_type=\"image.default\">\n\t\t\t\t\t\t\t\t\t\t\t\t\t\t\t<img decoding=\"async\" width=\"762\" height=\"292\" src=\"https:\/\/monstermoods.org\/wp-content\/uploads\/2025\/11\/b3a7683190584ce0b57a04373637240a.png\" class=\"attachment-full size-full wp-image-11\" alt=\"\" srcset=\"https:\/\/monstermoods.org\/wp-content\/uploads\/2025\/11\/b3a7683190584ce0b57a04373637240a.png 762w, https:\/\/monstermoods.org\/wp-content\/uploads\/2025\/11\/b3a7683190584ce0b57a04373637240a-300x115.png 300w, https:\/\/monstermoods.org\/wp-content\/uploads\/2025\/11\/b3a7683190584ce0b57a04373637240a-18x7.png 18w\" sizes=\"(max-width: 762px) 100vw, 762px\" \/>\t\t\t\t\t\t\t\t\t\t\t\t\t\t\t<\/div>\n\t\t\t\t<div class=\"elementor-element elementor-element-1db15c7 elementor-widget elementor-widget-heading\" data-id=\"1db15c7\" data-element_type=\"widget\" data-e-type=\"widget\" data-widget_type=\"heading.default\">\n\t\t\t\t\t<h2 class=\"elementor-heading-title elementor-size-default\"><a href=\"https:\/\/monstermoods.org\/en_ca\/presse\/\">Press<\/a><\/h2>\t\t\t\t<\/div>\n\t\t\t\t<div class=\"elementor-element elementor-element-5148d9c elementor-widget elementor-widget-heading\" data-id=\"5148d9c\" data-element_type=\"widget\" data-e-type=\"widget\" data-widget_type=\"heading.default\">\n\t\t\t\t\t<h2 class=\"elementor-heading-title elementor-size-default\"><a href=\"https:\/\/monstermoods.org\/en_ca\/vie-privee\/\">Privacy<\/a><\/h2>\t\t\t\t<\/div>\n\t\t\t\t<div class=\"elementor-element elementor-element-2f9f0ac elementor-widget elementor-widget-heading\" data-id=\"2f9f0ac\" data-element_type=\"widget\" data-e-type=\"widget\" data-widget_type=\"heading.default\">\n\t\t\t\t\t<h2 class=\"elementor-heading-title elementor-size-default\"><a href=\"https:\/\/monstermoods.org\/en_ca\/mentions-legales\/\">Terms of Use<\/a><\/h2>\t\t\t\t<\/div>\n\t\t\t\t<div class=\"elementor-element elementor-element-732cb61 elementor-widget elementor-widget-heading\" data-id=\"732cb61\" data-element_type=\"widget\" data-e-type=\"widget\" data-widget_type=\"heading.default\">\n\t\t\t\t\t<h2 class=\"elementor-heading-title elementor-size-default\"><a href=\"https:\/\/monstermoods.org\/en_ca\/#contact\">Contact<\/a><\/h2>\t\t\t\t<\/div>\n\t\t\t\t<\/div>\n\t\t\t\t<\/div>","protected":false},"excerpt":{"rendered":"<p>A propos Contribuer Obtenir un jeu Contact Votre g\u00e9n\u00e9rosit\u00e9 permet de faire grandir Monster Moods en France. Soutenez-nous aujourd&rsquo;hui et b\u00e9n\u00e9ficiez des avantages fiscaux en vigueur : un don de 100 \u20ac ne vous co\u00fbte r\u00e9ellement que 34 \u20ac apr\u00e8s d\u00e9duction fiscale. Pour soutenir notre d\u00e9ploiement au Canada et b\u00e9n\u00e9ficier d&rsquo;une r\u00e9duction fiscale locale, merci [&hellip;]<\/p>\n","protected":false},"author":2,"featured_media":0,"parent":0,"menu_order":0,"comment_status":"closed","ping_status":"closed","template":"elementor_canvas","meta":{"footnotes":""},"class_list":["post-67","page","type-page","status-publish","hentry"],"_links":{"self":[{"href":"https:\/\/monstermoods.org\/en_ca\/wp-json\/wp\/v2\/pages\/67","targetHints":{"allow":["GET"]}}],"collection":[{"href":"https:\/\/monstermoods.org\/en_ca\/wp-json\/wp\/v2\/pages"}],"about":[{"href":"https:\/\/monstermoods.org\/en_ca\/wp-json\/wp\/v2\/types\/page"}],"author":[{"embeddable":true,"href":"https:\/\/monstermoods.org\/en_ca\/wp-json\/wp\/v2\/users\/2"}],"replies":[{"embeddable":true,"href":"https:\/\/monstermoods.org\/en_ca\/wp-json\/wp\/v2\/comments?post=67"}],"version-history":[{"count":124,"href":"https:\/\/monstermoods.org\/en_ca\/wp-json\/wp\/v2\/pages\/67\/revisions"}],"predecessor-version":[{"id":823,"href":"https:\/\/monstermoods.org\/en_ca\/wp-json\/wp\/v2\/pages\/67\/revisions\/823"}],"wp:attachment":[{"href":"https:\/\/monstermoods.org\/en_ca\/wp-json\/wp\/v2\/media?parent=67"}],"curies":[{"name":"wp","href":"https:\/\/api.w.org\/{rel}","templated":true}]}}